{"id":6,"date":"2015-05-21T20:08:45","date_gmt":"2015-05-21T20:08:45","guid":{"rendered":"http:\/\/silbersee-triathlon.com\/?page_id=6"},"modified":"2026-04-14T15:08:03","modified_gmt":"2026-04-14T15:08:03","slug":"helfer","status":"publish","type":"page","link":"https:\/\/silbersee-triathlon.com\/?page_id=6","title":{"rendered":"Helfer gesucht! \u2013 We want you ! \u2013 Be a member of the crew!"},"content":{"rendered":"<p><span class=\"s1\"><a href=\"https:\/\/my5.raceresult.com\/192405\/\"><img loading=\"lazy\" decoding=\"async\" class=\"alignleft wp-image-185 size-thumbnail\" src=\"http:\/\/silbersee-triathlon.com\/wp-content\/uploads\/2015\/05\/2057184044-silbersee-triathlon-stuhkl-150x150.jpg\" alt=\"2057184044-silbersee-triathlon-stuhkl\" width=\"150\" height=\"150\"><\/a><\/span><\/p>\n<p>F\u00fcr den <strong>31. swb-Silbersee-Triathlon<\/strong> am 26. Juli 2026 werden wieder \u00fcber 200 ehrenamtliche Helfer ben\u00f6tigt, um dieses Event erneut zu einem Highlight im norddeutschen Triathlon Kalender werden zu lassen!<br \/>Es gibt vielf\u00e4ltige M\u00f6glichkeiten den Silbersee-Triathlon hautnah als Helfer zu erleben. Sei es bei der Startunterlagenausgabe, Streckensicherung, Catering-Stand, Wechselzone, Athletenverpflegung, im Ziel u.v.m.<\/p>\n<p style=\"text-align: left;\"><a href=\"http:\/\/silbersee-triathlon.com\/wp-content\/uploads\/2015\/05\/P1000306_274x200.jpg\"><img loading=\"lazy\" decoding=\"async\" class=\"alignright\" src=\"http:\/\/silbersee-triathlon.com\/wp-content\/uploads\/2015\/05\/P1000306_274x200-150x150.jpg\" alt=\"P1000306_274x200\" width=\"150\" height=\"150\"><\/a>Wenn auch ihr mit anpacken und zum Gelingen der Veranstaltung beitragen wollt, meldet euch bitte kurz Online an<\/p>\n<p><b>zur<\/b> <b>Helferanmeldung<\/b>&nbsp; <b>geht es<\/b> <a href=\"https:\/\/my.raceresult.com\/380875\/registration\"><b>hier<\/b><\/a><\/p>\n<p style=\"text-align: left;\">oder schreibt eine Mail (dauert nur eine Minute):&nbsp;<\/p>\n<p style=\"text-align: left;\"><a href=\"mailto:Silbersee.triathlon@gmail.com\">Silbersee.triathlon@gmail.com<\/a>&nbsp;<\/p>\n<p style=\"text-align: left;\">Wir m\u00f6chten euch schon jetzt f\u00fcr eure tatkr\u00e4ftige Unterst\u00fctzung danken, ohne die der Silbersee-Triathlon nicht durchf\u00fchrbar w\u00e4re.<\/p>\n<p style=\"text-align: left;\">Euer Orga-Team<\/p>\n<p style=\"text-align: left;\">Silbersee-Triathlon<\/p>\n\n<div id=\"69f5708529605-countdown\" class=\"tminus_countdown\" style=\"width:auto; height:auto;\"><div class=\"jedi-countdown\"><div id=\"69f5708529605-tophtml\" class=\"jedi-tophtml\"><\/div><div id=\"69f5708529605-dashboard\" class=\"jedi-dashboard\"><div class=\"jedi-dash jedi-months_dash\" ><div class=\"jedi-dash_title\">Months<\/div><div class=\"jedi-digit\" data-digit=\"0\">0<\/div><div class=\"jedi-digit\" data-digit=\"0\">0<\/div><\/div><div class=\"jedi-dash jedi-weeks_dash\" ><div class=\"jedi-dash_title\">Weeks<\/div><div class=\"jedi-digit\" data-digit=\"0\">0<\/div><div class=\"jedi-digit\" data-digit=\"0\">0<\/div><\/div><div class=\"jedi-dash jedi-days_dash\" data-next=\"0\"><div class=\"jedi-dash_title\">Days<\/div><div class=\"jedi-digit\" data-digit=\"0\">0<\/div><div class=\"jedi-digit\" data-digit=\"1\">1<\/div><\/div><div class=\"jedi-dash jedi-hours_dash\" data-current=\"0\"><div class=\"jedi-dash_title\">Hours<\/div><div class=\"jedi-digit\" data-digit=\"0\">0<\/div><div class=\"jedi-digit\" data-digit=\"0\">0<\/div><\/div><div class=\"jedi-dash jedi-minutes_dash\" data-current=\"0\"><div class=\"jedi-dash_title\">Minutes<\/div><div class=\"jedi-digit\" data-digit=\"0\">0<\/div><div class=\"jedi-digit\" data-digit=\"0\">0<\/div><\/div><div class=\"jedi-dash jedi-seconds_dash\"><div class=\"jedi-dash_title\">Seconds<\/div><div class=\"jedi-digit\" data-digit=\"0\">0<\/div><div class=\"jedi-digit\" data-digit=\"0\">0<\/div><\/div><\/div><div id=\"69f5708529605-bothtml\" class=\"jedi-bothtml\"><\/div><\/div><\/div><script language='javascript' type='text\/javascript'>\n\t\t\tjQuery(document).ready(function($) {\n\t\t\t\t$('#69f5708529605-dashboard').tminusCountDown({\n\t\t\t\t\ttargetDate: {\n\t\t\t\t\t\t'day': \t03,\n\t\t\t\t\t\t'month': 05,\n\t\t\t\t\t\t'year': 2026,\n\t\t\t\t\t\t'hour': 03,\n\t\t\t\t\t\t'min': \t33,\n\t\t\t\t\t\t'sec': \t25,\n\t\t\t\t\t\t'target':  'Sun May 03 2026 03:33:25 +0000',\n\t\t\t\t\t\t'localtime': '5\/2\/2026 03:33:25'\n\t\t\t\t\t},\n\t\t\t\t\tstyle: 'jedi',\n\t\t\t\t\tid: '69f5708529605',\n\t\t\t\t\tevent_id: '',\n\t\t\t\t\tdebug: '',\n\t\t\t\t\tlaunchtarget: 'countdown'});\n\t\t\t});\n\t\t<\/script>","protected":false},"excerpt":{"rendered":"<p>F\u00fcr den 31. swb-Silbersee-Triathlon am 26. Juli 2026 werden wieder \u00fcber 200 ehrenamtliche Helfer ben\u00f6tigt, um dieses Event erneut zu einem Highlight im norddeutschen Triathlon Kalender werden zu lassen!Es gibt vielf\u00e4ltige M\u00f6glichkeiten den Silbersee-Triathlon hautnah als Helfer zu erleben. Sei es bei der Startunterlagenausgabe, Streckensicherung, Catering-Stand, Wechselzone, Athletenverpflegung, im Ziel u.v.m. Wenn auch ihr mit &hellip; <\/p>\n<p class=\"link-more\"><a href=\"https:\/\/silbersee-triathlon.com\/?page_id=6\" class=\"more-link\"><span class=\"screen-reader-text\">\u201eHelfer gesucht! \u2013 We want you ! \u2013 Be a member of the crew!\u201c<\/span> weiterlesen<\/a><\/p>\n","protected":false},"author":1,"featured_media":0,"parent":0,"menu_order":0,"comment_status":"closed","ping_status":"open","template":"","meta":{"sfsi_plus_gutenberg_text_before_share":"","sfsi_plus_gutenberg_show_text_before_share":"","sfsi_plus_gutenberg_icon_type":"","sfsi_plus_gutenberg_icon_alignemt":"","sfsi_plus_gutenburg_max_per_row":"","ngg_post_thumbnail":0,"footnotes":""},"class_list":["post-6","page","type-page","status-publish","hentry"],"_links":{"self":[{"href":"https:\/\/silbersee-triathlon.com\/index.php?rest_route=\/wp\/v2\/pages\/6","targetHints":{"allow":["GET"]}}],"collection":[{"href":"https:\/\/silbersee-triathlon.com\/index.php?rest_route=\/wp\/v2\/pages"}],"about":[{"href":"https:\/\/silbersee-triathlon.com\/index.php?rest_route=\/wp\/v2\/types\/page"}],"author":[{"embeddable":true,"href":"https:\/\/silbersee-triathlon.com\/index.php?rest_route=\/wp\/v2\/users\/1"}],"replies":[{"embeddable":true,"href":"https:\/\/silbersee-triathlon.com\/index.php?rest_route=%2Fwp%2Fv2%2Fcomments&post=6"}],"version-history":[{"count":61,"href":"https:\/\/silbersee-triathlon.com\/index.php?rest_route=\/wp\/v2\/pages\/6\/revisions"}],"predecessor-version":[{"id":3804,"href":"https:\/\/silbersee-triathlon.com\/index.php?rest_route=\/wp\/v2\/pages\/6\/revisions\/3804"}],"wp:attachment":[{"href":"https:\/\/silbersee-triathlon.com\/index.php?rest_route=%2Fwp%2Fv2%2Fmedia&parent=6"}],"curies":[{"name":"wp","href":"https:\/\/api.w.org\/{rel}","templated":true}]}}