{"id":206,"date":"2015-07-09T07:47:34","date_gmt":"2015-07-09T07:47:34","guid":{"rendered":"http:\/\/silbersee-triathlon.com\/?page_id=206"},"modified":"2025-12-19T22:50:35","modified_gmt":"2025-12-19T22:50:35","slug":"test-4-2","status":"publish","type":"page","link":"https:\/\/silbersee-triathlon.com\/","title":{"rendered":"&#8212; Triathlon am Silbersee &#8212;"},"content":{"rendered":"<p>Liebe Triathleten,<\/p>\n<p>wir freuen uns, euch mitteilen zu k\u00f6nnen, dass wir im n\u00e4chsten Jahr den&nbsp; swb-Silbersee-Triathlon zum 31. Mal durchf\u00fchren werden. Als Termin steht der 26. Juli 2026 fest.<\/p>\n<p><span style=\"font-size: revert;\">Nachdem die Jubil\u00e4umsveranstaltung hinter uns liegt, gilt wieder &#8211; nach dem Triathlon ist vor dem Silbersee Triathlon.<\/span><\/p>\n<p><strong>Die Online Anmeldung ist ab sofort freigeschaltet !<\/strong><\/p>\n<p>Euer SST Orga-Team<\/p>\n<p><a href=\"http:\/\/silbersee-triathlon.com\/wp-content\/uploads\/2025\/12\/Logo-gross-2026-scaled.jpg\"><img loading=\"lazy\" decoding=\"async\" class=\"alignnone wp-image-3734 size-medium\" src=\"http:\/\/silbersee-triathlon.com\/wp-content\/uploads\/2025\/12\/Logo-gross-2026-300x226.jpg\" alt=\"\" width=\"300\" height=\"226\" srcset=\"https:\/\/silbersee-triathlon.com\/wp-content\/uploads\/2025\/12\/Logo-gross-2026-300x226.jpg 300w, https:\/\/silbersee-triathlon.com\/wp-content\/uploads\/2025\/12\/Logo-gross-2026-1024x770.jpg 1024w, https:\/\/silbersee-triathlon.com\/wp-content\/uploads\/2025\/12\/Logo-gross-2026-768x578.jpg 768w, https:\/\/silbersee-triathlon.com\/wp-content\/uploads\/2025\/12\/Logo-gross-2026-1536x1156.jpg 1536w, https:\/\/silbersee-triathlon.com\/wp-content\/uploads\/2025\/12\/Logo-gross-2026-2048x1541.jpg 2048w\" sizes=\"auto, (max-width: 300px) 100vw, 300px\" \/><\/a><\/p>\n<p><a href=\"http:\/\/silbersee-triathlon.com\/wp-content\/uploads\/2019\/04\/TVN_Logo_2015_4c_750px-300x140-1.jpg\"><img loading=\"lazy\" decoding=\"async\" class=\"alignnone wp-image-2210 \" src=\"http:\/\/silbersee-triathlon.com\/wp-content\/uploads\/2019\/04\/TVN_Logo_2015_4c_750px-300x140-1-300x144.jpg\" alt=\"\" width=\"231\" height=\"111\"><\/a><\/p>\n<p><b>31. swb-Silbersee-Triathlon &#8211; 26.07.2026<\/b><\/p>\n<p><b><\/b><b><\/b><b>\u201eDas Triathlon-Highlight im Norden \u2013 von Athleten f\u00fcr Athleten!\u201c<\/b><\/p>\n<p>Euer Silbersee-Triathlon Orga-Team der LC Hansa Stuhr Tri-W\u00f6lfe<\/p>\n\n<div id=\"69e084439f03d-countdown\" class=\"tminus_countdown\" style=\"width:auto; height:auto;\"><div class=\"jedi-countdown\"><div id=\"69e084439f03d-tophtml\" class=\"jedi-tophtml\"><\/div><div id=\"69e084439f03d-dashboard\" class=\"jedi-dashboard\"><div class=\"jedi-dash jedi-months_dash\" ><div class=\"jedi-dash_title\">Months<\/div><div class=\"jedi-digit\" data-digit=\"0\">0<\/div><div class=\"jedi-digit\" data-digit=\"3\">3<\/div><\/div><div class=\"jedi-dash jedi-weeks_dash\" ><div class=\"jedi-dash_title\">Weeks<\/div><div class=\"jedi-digit\" data-digit=\"0\">0<\/div><div class=\"jedi-digit\" data-digit=\"1\">1<\/div><\/div><div class=\"jedi-dash jedi-days_dash\" data-next=\"1\"><div class=\"jedi-dash_title\">Days<\/div><div class=\"jedi-digit\" data-digit=\"0\">0<\/div><div class=\"jedi-digit\" data-digit=\"2\">2<\/div><\/div><div class=\"jedi-dash jedi-hours_dash\" data-current=\"23\"><div class=\"jedi-dash_title\">Hours<\/div><div class=\"jedi-digit\" data-digit=\"2\">2<\/div><div class=\"jedi-digit\" data-digit=\"3\">3<\/div><\/div><div class=\"jedi-dash jedi-minutes_dash\" data-current=\"50\"><div class=\"jedi-dash_title\">Minutes<\/div><div class=\"jedi-digit\" data-digit=\"5\">5<\/div><div class=\"jedi-digit\" data-digit=\"0\">0<\/div><\/div><div class=\"jedi-dash jedi-seconds_dash\"><div class=\"jedi-dash_title\">Seconds<\/div><div class=\"jedi-digit\" data-digit=\"0\">0<\/div><div class=\"jedi-digit\" data-digit=\"2\">2<\/div><\/div><\/div><div id=\"69e084439f03d-bothtml\" class=\"jedi-bothtml\"><\/div><\/div><\/div><script language='javascript' type='text\/javascript'>\n\t\t\tjQuery(document).ready(function($) {\n\t\t\t\t$('#69e084439f03d-dashboard').tminusCountDown({\n\t\t\t\t\ttargetDate: {\n\t\t\t\t\t\t'day': \t26,\n\t\t\t\t\t\t'month': 07,\n\t\t\t\t\t\t'year': 2026,\n\t\t\t\t\t\t'hour': 06,\n\t\t\t\t\t\t'min': \t30,\n\t\t\t\t\t\t'sec': \t06,\n\t\t\t\t\t\t'target':  'Sun Jul 26 2026 06:30:06 +0000',\n\t\t\t\t\t\t'localtime': '4\/16\/2026 06:40:03'\n\t\t\t\t\t},\n\t\t\t\t\tstyle: 'jedi',\n\t\t\t\t\tid: '69e084439f03d',\n\t\t\t\t\tevent_id: '',\n\t\t\t\t\tdebug: '',\n\t\t\t\t\tlaunchtarget: 'countdown'});\n\t\t\t});\n\t\t<\/script>","protected":false},"excerpt":{"rendered":"<p>Liebe Triathleten, wir freuen uns, euch mitteilen zu k\u00f6nnen, dass wir im n\u00e4chsten Jahr den&nbsp; swb-Silbersee-Triathlon zum 31. Mal durchf\u00fchren werden. Als Termin steht der 26. Juli 2026 fest. Nachdem die Jubil\u00e4umsveranstaltung hinter uns liegt, gilt wieder &#8211; nach dem Triathlon ist vor dem Silbersee Triathlon. Die Online Anmeldung ist ab sofort freigeschaltet ! Euer &hellip; <\/p>\n<p class=\"link-more\"><a href=\"https:\/\/silbersee-triathlon.com\/\" class=\"more-link\"><span class=\"screen-reader-text\">\u201e&#8212; Triathlon am Silbersee &#8212;\u201c<\/span> weiterlesen<\/a><\/p>\n","protected":false},"author":5,"featured_media":0,"parent":0,"menu_order":0,"comment_status":"closed","ping_status":"closed","template":"","meta":{"sfsi_plus_gutenberg_text_before_share":"","sfsi_plus_gutenberg_show_text_before_share":"","sfsi_plus_gutenberg_icon_type":"","sfsi_plus_gutenberg_icon_alignemt":"","sfsi_plus_gutenburg_max_per_row":"","ngg_post_thumbnail":0,"footnotes":""},"class_list":["post-206","page","type-page","status-publish","hentry"],"_links":{"self":[{"href":"https:\/\/silbersee-triathlon.com\/index.php?rest_route=\/wp\/v2\/pages\/206","targetHints":{"allow":["GET"]}}],"collection":[{"href":"https:\/\/silbersee-triathlon.com\/index.php?rest_route=\/wp\/v2\/pages"}],"about":[{"href":"https:\/\/silbersee-triathlon.com\/index.php?rest_route=\/wp\/v2\/types\/page"}],"author":[{"embeddable":true,"href":"https:\/\/silbersee-triathlon.com\/index.php?rest_route=\/wp\/v2\/users\/5"}],"replies":[{"embeddable":true,"href":"https:\/\/silbersee-triathlon.com\/index.php?rest_route=%2Fwp%2Fv2%2Fcomments&post=206"}],"version-history":[{"count":372,"href":"https:\/\/silbersee-triathlon.com\/index.php?rest_route=\/wp\/v2\/pages\/206\/revisions"}],"predecessor-version":[{"id":3756,"href":"https:\/\/silbersee-triathlon.com\/index.php?rest_route=\/wp\/v2\/pages\/206\/revisions\/3756"}],"wp:attachment":[{"href":"https:\/\/silbersee-triathlon.com\/index.php?rest_route=%2Fwp%2Fv2%2Fmedia&parent=206"}],"curies":[{"name":"wp","href":"https:\/\/api.w.org\/{rel}","templated":true}]}}