{"id":1944,"date":"2018-07-18T14:59:10","date_gmt":"2018-07-18T14:59:10","guid":{"rendered":"http:\/\/silbersee-triathlon.com\/?page_id=1944"},"modified":"2025-07-21T06:47:15","modified_gmt":"2025-07-21T06:47:15","slug":"anfahrt-parkplatz","status":"publish","type":"page","link":"https:\/\/silbersee-triathlon.com\/?page_id=1944","title":{"rendered":"Anfahrt\/Parkplatz"},"content":{"rendered":"<p><a href=\"http:\/\/silbersee-triathlon.com\/wp-content\/uploads\/2025\/07\/AnfahrtsParkplatz-Uebersicht-Teilnehmer-2025.pdf\">Anfahrts+Parkplatz \u00dcbersicht Teilnehmer 2025<\/a><\/p>\n<p><a href=\"http:\/\/silbersee-triathlon.com\/wp-content\/uploads\/2025\/07\/Anfahrt-Parkplaetze-2025-Helfer.pdf\">Anfahrts+Parkplatz \u00dcbersicht Helfer 2025<\/a><\/p>\n<p><a href=\"http:\/\/silbersee-triathlon.com\/wp-content\/uploads\/2018\/04\/Durchfahrtsverbot.jpg\"><img loading=\"lazy\" decoding=\"async\" class=\"alignnone size-full wp-image-1505\" src=\"http:\/\/silbersee-triathlon.com\/wp-content\/uploads\/2018\/04\/Durchfahrtsverbot.jpg\" alt=\"\" width=\"200\" height=\"200\" srcset=\"https:\/\/silbersee-triathlon.com\/wp-content\/uploads\/2018\/04\/Durchfahrtsverbot.jpg 200w, https:\/\/silbersee-triathlon.com\/wp-content\/uploads\/2018\/04\/Durchfahrtsverbot-150x150.jpg 150w, https:\/\/silbersee-triathlon.com\/wp-content\/uploads\/2018\/04\/Durchfahrtsverbot-100x100.jpg 100w\" sizes=\"auto, (max-width: 200px) 100vw, 200px\" \/><\/a><\/p>\n<p><a href=\"http:\/\/silbersee-triathlon.com\/wp-content\/uploads\/2025\/07\/Anwohnerinfo-2025-1.pdf\"><strong>Wichtige Informationen f\u00fcr Teilnehmer, Zuschauer und Anwohner \u2013 30. swb-Silbersee-Triathlon \u2013 Stra\u00dfensperrungen:<\/strong><\/a><\/p>\n<p>Allen Teilnehmern und Zuschauern aus Richtung HH empfehlen wir die Anfahrt \u00fcber A1 Abfahrt Brinkum (57), dann weiter auf der B6 + B51 Richtung Silbersee.<\/p>\n<p>Aus Richtung Osnabr\u00fcck bitte die Abfahrt Dreieck Stuhr bzw 58b nutzen, dann weiter auf der B322 Richtung Silbersee.<\/p>\n<p>Aufgrund von Baustellen auf der A1 rund um Bremen muss mit Verz\u00f6gerungen gerechnet werden!&nbsp;<\/p>\n","protected":false},"excerpt":{"rendered":"<p>Anfahrts+Parkplatz \u00dcbersicht Teilnehmer 2025 Anfahrts+Parkplatz \u00dcbersicht Helfer 2025 Wichtige Informationen f\u00fcr Teilnehmer, Zuschauer und Anwohner \u2013 30. swb-Silbersee-Triathlon \u2013 Stra\u00dfensperrungen: Allen Teilnehmern und Zuschauern aus Richtung HH empfehlen wir die Anfahrt \u00fcber A1 Abfahrt Brinkum (57), dann weiter auf der B6 + B51 Richtung Silbersee. Aus Richtung Osnabr\u00fcck bitte die Abfahrt Dreieck Stuhr bzw 58b &hellip; <\/p>\n<p class=\"link-more\"><a href=\"https:\/\/silbersee-triathlon.com\/?page_id=1944\" class=\"more-link\"><span class=\"screen-reader-text\">\u201eAnfahrt\/Parkplatz\u201c<\/span> weiterlesen<\/a><\/p>\n","protected":false},"author":4,"featured_media":0,"parent":0,"menu_order":0,"comment_status":"closed","ping_status":"closed","template":"","meta":{"sfsi_plus_gutenberg_text_before_share":"","sfsi_plus_gutenberg_show_text_before_share":"","sfsi_plus_gutenberg_icon_type":"","sfsi_plus_gutenberg_icon_alignemt":"","sfsi_plus_gutenburg_max_per_row":"","ngg_post_thumbnail":0,"footnotes":""},"class_list":["post-1944","page","type-page","status-publish","hentry"],"_links":{"self":[{"href":"https:\/\/silbersee-triathlon.com\/index.php?rest_route=\/wp\/v2\/pages\/1944","targetHints":{"allow":["GET"]}}],"collection":[{"href":"https:\/\/silbersee-triathlon.com\/index.php?rest_route=\/wp\/v2\/pages"}],"about":[{"href":"https:\/\/silbersee-triathlon.com\/index.php?rest_route=\/wp\/v2\/types\/page"}],"author":[{"embeddable":true,"href":"https:\/\/silbersee-triathlon.com\/index.php?rest_route=\/wp\/v2\/users\/4"}],"replies":[{"embeddable":true,"href":"https:\/\/silbersee-triathlon.com\/index.php?rest_route=%2Fwp%2Fv2%2Fcomments&post=1944"}],"version-history":[{"count":19,"href":"https:\/\/silbersee-triathlon.com\/index.php?rest_route=\/wp\/v2\/pages\/1944\/revisions"}],"predecessor-version":[{"id":3654,"href":"https:\/\/silbersee-triathlon.com\/index.php?rest_route=\/wp\/v2\/pages\/1944\/revisions\/3654"}],"wp:attachment":[{"href":"https:\/\/silbersee-triathlon.com\/index.php?rest_route=%2Fwp%2Fv2%2Fmedia&parent=1944"}],"curies":[{"name":"wp","href":"https:\/\/api.w.org\/{rel}","templated":true}]}}