{"id":1769,"date":"2018-04-18T12:17:38","date_gmt":"2018-04-18T12:17:38","guid":{"rendered":"http:\/\/silbersee-triathlon.com\/?page_id=1769"},"modified":"2026-01-15T10:59:21","modified_gmt":"2026-01-15T10:59:21","slug":"race-hotel","status":"publish","type":"page","link":"https:\/\/silbersee-triathlon.com\/?page_id=1769","title":{"rendered":"Race Hotel"},"content":{"rendered":"<p style=\"text-align: center;\"><span style=\"font-family: Tahoma,Verdana,Arial,Helvetica,Sans-serif;\"><i><span style=\"font-size: 11pt;\"><strong>Offizielles Race-Hotel<\/strong><\/span><\/i><em><span style=\"font-size: 11pt;\">-Nur 15 min vom Silbersee entfernt !<b><br \/>\n<\/b><\/span><\/em><\/span><\/p>\n<p>&nbsp; &nbsp; &nbsp; &nbsp; &nbsp; &nbsp; &nbsp; &nbsp; &nbsp; &nbsp; &nbsp; &nbsp; &nbsp; &nbsp; &nbsp; &nbsp; &nbsp; &nbsp; &nbsp; &nbsp; &nbsp; &nbsp; &nbsp; &nbsp; &nbsp; &nbsp; &nbsp; &nbsp; &nbsp; &nbsp; &nbsp; &nbsp; &nbsp; &nbsp; &nbsp; &nbsp; &nbsp; &nbsp; &nbsp; &nbsp; &nbsp; &nbsp; &nbsp; &nbsp; &nbsp; &nbsp; &nbsp; &nbsp; &nbsp; &nbsp; &nbsp; &nbsp; &nbsp; &nbsp; &nbsp; &nbsp;&nbsp;<a href=\"http:\/\/silbersee-triathlon.com\/wp-content\/uploads\/2015\/05\/logo_hotel_nordraum_transparent_schrift_gruen_rahmen_gruen.jpg\"><img loading=\"lazy\" decoding=\"async\" class=\"size-medium wp-image-1055 aligncenter\" src=\"http:\/\/silbersee-triathlon.com\/wp-content\/uploads\/2015\/05\/logo_hotel_nordraum_transparent_schrift_gruen_rahmen_gruen-241x300.jpg\" alt=\"logo_hotel_nordraum_transparent_schrift_gruen_rahmen_gruen\" width=\"241\" height=\"300\" srcset=\"https:\/\/silbersee-triathlon.com\/wp-content\/uploads\/2015\/05\/logo_hotel_nordraum_transparent_schrift_gruen_rahmen_gruen-241x300.jpg 241w, https:\/\/silbersee-triathlon.com\/wp-content\/uploads\/2015\/05\/logo_hotel_nordraum_transparent_schrift_gruen_rahmen_gruen-822x1024.jpg 822w\" sizes=\"auto, (max-width: 241px) 100vw, 241px\" \/><\/a><\/p>\n<p style=\"text-align: center;\"><span style=\"font-family: Arial,Helvetica,Geneva,Sans-serif;\"><b><span style=\"color: #000000;\"><span style=\"font-size: 11pt;\">Europaallee 1-3<\/span><\/span><\/b><\/span><\/p>\n<p style=\"text-align: center;\"><span style=\"font-family: Arial,Helvetica,Geneva,Sans-serif;\"><b><span style=\"color: #000000;\"><span style=\"font-size: 11pt;\"> 28309 Bremen<br \/>\n<\/span><\/span><\/b><b><span style=\"font-size: 11pt; color: #000000;\">Tel.: 0421-458570<br \/>\n<a href=\"http:\/\/hotel-nordraum.de\">hotel-nordraum.de<\/a><br \/>\n<\/span><\/b><\/span><\/p>\n<p style=\"text-align: center; margin-bottom: 0px;\"><span style=\"font-size: 11pt;\"><span style=\"font-family: Tahoma,Verdana,Arial,Helvetica,Sans-serif;\">&nbsp; F\u00fcr Teilnehmer des Silbersee-Triathlons bieten wir an:<br \/>\n\u00dcbernachtung im 3-Sterne-Hotel<br \/>\nReichhaltiges Fr\u00fchst\u00fccksb\u00fcfett<br \/>\n1 Power-Riegel, 1 isotonisches Getr\u00e4nk zum Mitnehmen<br \/>\nEinzelzimmer: 88,- \u20ac, Doppelzimmer: 106,- \u20ac je Nacht.<\/span><\/span><\/p>\n<p>&nbsp;<\/p>\n<p style=\"text-align: center; margin-bottom: 0px;\">&nbsp;<\/p>\n<p style=\"text-align: center;\">Buchungen <strong>nur<\/strong> telefonisch unter dem Stichwort :<br \/>\n\u201cSilbersee-Triathlon\u201d<\/p>\n","protected":false},"excerpt":{"rendered":"<p>Offizielles Race-Hotel-Nur 15 min vom Silbersee entfernt ! &nbsp; &nbsp; &nbsp; &nbsp; &nbsp; &nbsp; &nbsp; &nbsp; &nbsp; &nbsp; &nbsp; &nbsp; &nbsp; &nbsp; &nbsp; &nbsp; &nbsp; &nbsp; &nbsp; &nbsp; &nbsp; &nbsp; &nbsp; &nbsp; &nbsp; &nbsp; &nbsp; &nbsp; &nbsp; &nbsp; &nbsp; &nbsp; &nbsp; &nbsp; &nbsp; &nbsp; &nbsp; &nbsp; &nbsp; &nbsp; &nbsp; &nbsp; &nbsp; &nbsp; &nbsp; &nbsp; &nbsp; &hellip; <\/p>\n<p class=\"link-more\"><a href=\"https:\/\/silbersee-triathlon.com\/?page_id=1769\" class=\"more-link\"><span class=\"screen-reader-text\">\u201eRace Hotel\u201c<\/span> weiterlesen<\/a><\/p>\n","protected":false},"author":4,"featured_media":0,"parent":0,"menu_order":0,"comment_status":"closed","ping_status":"closed","template":"","meta":{"sfsi_plus_gutenberg_text_before_share":"","sfsi_plus_gutenberg_show_text_before_share":"","sfsi_plus_gutenberg_icon_type":"","sfsi_plus_gutenberg_icon_alignemt":"","sfsi_plus_gutenburg_max_per_row":"","ngg_post_thumbnail":0,"footnotes":""},"class_list":["post-1769","page","type-page","status-publish","hentry"],"_links":{"self":[{"href":"https:\/\/silbersee-triathlon.com\/index.php?rest_route=\/wp\/v2\/pages\/1769","targetHints":{"allow":["GET"]}}],"collection":[{"href":"https:\/\/silbersee-triathlon.com\/index.php?rest_route=\/wp\/v2\/pages"}],"about":[{"href":"https:\/\/silbersee-triathlon.com\/index.php?rest_route=\/wp\/v2\/types\/page"}],"author":[{"embeddable":true,"href":"https:\/\/silbersee-triathlon.com\/index.php?rest_route=\/wp\/v2\/users\/4"}],"replies":[{"embeddable":true,"href":"https:\/\/silbersee-triathlon.com\/index.php?rest_route=%2Fwp%2Fv2%2Fcomments&post=1769"}],"version-history":[{"count":10,"href":"https:\/\/silbersee-triathlon.com\/index.php?rest_route=\/wp\/v2\/pages\/1769\/revisions"}],"predecessor-version":[{"id":3762,"href":"https:\/\/silbersee-triathlon.com\/index.php?rest_route=\/wp\/v2\/pages\/1769\/revisions\/3762"}],"wp:attachment":[{"href":"https:\/\/silbersee-triathlon.com\/index.php?rest_route=%2Fwp%2Fv2%2Fmedia&parent=1769"}],"curies":[{"name":"wp","href":"https:\/\/api.w.org\/{rel}","templated":true}]}}