{"id":149,"date":"2015-07-08T08:47:38","date_gmt":"2015-07-08T08:47:38","guid":{"rendered":"http:\/\/silbersee-triathlon.com\/?page_id=149"},"modified":"2025-07-10T12:28:38","modified_gmt":"2025-07-10T12:28:38","slug":"partnerveranstaltungen","status":"publish","type":"page","link":"https:\/\/silbersee-triathlon.com\/?page_id=149","title":{"rendered":"Partnerveranstaltungen"},"content":{"rendered":"<p><a href=\"http:\/\/citytriathlonbremen.de\/\" target=\"_blank\" rel=\"noopener noreferrer\"><img loading=\"lazy\" decoding=\"async\" class=\"alignleft size-full wp-image-426\" src=\"http:\/\/silbersee-triathlon.com\/wp-content\/uploads\/2015\/07\/GEWOBA-CTB-Logo-300x300.jpg\" alt=\"GEWOBA-CTB-Logo 300x300\" width=\"300\" height=\"300\" srcset=\"https:\/\/silbersee-triathlon.com\/wp-content\/uploads\/2015\/07\/GEWOBA-CTB-Logo-300x300.jpg 300w, https:\/\/silbersee-triathlon.com\/wp-content\/uploads\/2015\/07\/GEWOBA-CTB-Logo-300x300-150x150.jpg 150w\" sizes=\"auto, (max-width: 300px) 100vw, 300px\" \/><\/a><\/p>\n<p>&nbsp;<\/p>\n<p><strong>GEWOBA-City-Triathlon 2025<\/strong><\/p>\n<p>Das 2012 in Bremen ins Leben gerufene Triathlon Event gilt l\u00e4ngst \u00fcber die Region hinaus als eine einmalige und beliebte Sportveranstaltung. Auch im Jahr 2024 starten die bew\u00e4hrten drei Wettk\u00e4mpfe: Volkstriathlon, Staffeltriathlon und Olympic Triathlon in den bekannten Distanzen. Daher bietet der GEWOBA City Triathlon sowohl f\u00fcr alle ambitionierten Leistungssportler als auch f\u00fcr alle Breiten- und Freizeitsportler entsprechende Herausforderungen in einer einzigartigen urban-maritimem Umgebung. &nbsp;Am 11. August 2023 hei\u00dft es dann in der Bremer \u00dcberseestadt und entlang der Schlachte wieder:<\/p>\n<p>Ab ins Wasser, rauf auf\u2019s Rad und rein in die Laufschuhe beim <a href=\"https:\/\/citytriathlonbremen.de\/start\/\" target=\"_blank\" rel=\"noopener noreferrer\">13. GEWOBA City Triathlon Bremen<\/a>.<\/p>\n<hr>\n<h2 class=\"uk-text-center uk-h2\"><a href=\"https:\/\/bremen.gfny.com\/\"><strong>Be a Pro For a Day<\/strong><\/a><\/h2>\n<h2 id=\"ticket-title-header\" class=\"mb-2.5 text-lg font-bold leading-[23px]\">GFNY Bremen 2025<\/h2>\n<p>Lange und Mittlere Distanz<\/p>\n<h2 id=\"ticket-title-header\" class=\"mb-2.5 text-lg font-bold leading-[23px]\">GFNY Bremen 2025 VIP<\/h2>\n<p>Jedermannrennen oder Freizeitdistanz. VIP Startnummernausgabe vor Ort, VIP Startblock, VIP Lounge nach dem Rennen<\/p>\n\n\n<p><\/p>\n","protected":false},"excerpt":{"rendered":"<p>&nbsp; GEWOBA-City-Triathlon 2025 Das 2012 in Bremen ins Leben gerufene Triathlon Event gilt l\u00e4ngst \u00fcber die Region hinaus als eine einmalige und beliebte Sportveranstaltung. Auch im Jahr 2024 starten die bew\u00e4hrten drei Wettk\u00e4mpfe: Volkstriathlon, Staffeltriathlon und Olympic Triathlon in den bekannten Distanzen. Daher bietet der GEWOBA City Triathlon sowohl f\u00fcr alle ambitionierten Leistungssportler als auch &hellip; <\/p>\n<p class=\"link-more\"><a href=\"https:\/\/silbersee-triathlon.com\/?page_id=149\" class=\"more-link\"><span class=\"screen-reader-text\">\u201ePartnerveranstaltungen\u201c<\/span> weiterlesen<\/a><\/p>\n","protected":false},"author":2,"featured_media":0,"parent":0,"menu_order":0,"comment_status":"closed","ping_status":"closed","template":"","meta":{"sfsi_plus_gutenberg_text_before_share":"","sfsi_plus_gutenberg_show_text_before_share":"","sfsi_plus_gutenberg_icon_type":"","sfsi_plus_gutenberg_icon_alignemt":"","sfsi_plus_gutenburg_max_per_row":"","ngg_post_thumbnail":0,"footnotes":""},"class_list":["post-149","page","type-page","status-publish","hentry"],"_links":{"self":[{"href":"https:\/\/silbersee-triathlon.com\/index.php?rest_route=\/wp\/v2\/pages\/149","targetHints":{"allow":["GET"]}}],"collection":[{"href":"https:\/\/silbersee-triathlon.com\/index.php?rest_route=\/wp\/v2\/pages"}],"about":[{"href":"https:\/\/silbersee-triathlon.com\/index.php?rest_route=\/wp\/v2\/types\/page"}],"author":[{"embeddable":true,"href":"https:\/\/silbersee-triathlon.com\/index.php?rest_route=\/wp\/v2\/users\/2"}],"replies":[{"embeddable":true,"href":"https:\/\/silbersee-triathlon.com\/index.php?rest_route=%2Fwp%2Fv2%2Fcomments&post=149"}],"version-history":[{"count":63,"href":"https:\/\/silbersee-triathlon.com\/index.php?rest_route=\/wp\/v2\/pages\/149\/revisions"}],"predecessor-version":[{"id":3605,"href":"https:\/\/silbersee-triathlon.com\/index.php?rest_route=\/wp\/v2\/pages\/149\/revisions\/3605"}],"wp:attachment":[{"href":"https:\/\/silbersee-triathlon.com\/index.php?rest_route=%2Fwp%2Fv2%2Fmedia&parent=149"}],"curies":[{"name":"wp","href":"https:\/\/api.w.org\/{rel}","templated":true}]}}